{"id":51500,"date":"2024-05-14T03:17:02","date_gmt":"2024-05-14T07:17:02","guid":{"rendered":"https:\/\/jarissagarcia.com\/coaching\/"},"modified":"2024-08-27T22:01:54","modified_gmt":"2024-08-28T02:01:54","slug":"coaching","status":"publish","type":"page","link":"https:\/\/jarissagarcia.com\/en\/coaching\/","title":{"rendered":"Coaching"},"content":{"rendered":"\n<div class=\"nfd-container nfd-p-lg wp-block-group alignfull is-layout-constrained wp-block-group-is-layout-constrained\" style=\"margin-top:0;margin-bottom:0;padding-top:100px;padding-bottom:0px\">\n<div class=\"nfd-gap-xl wp-block-group is-vertical is-content-justification-center is-layout-flex wp-container-core-group-is-layout-ce155fab wp-block-group-is-layout-flex\">\n<h2 class=\"nfd-text-contrast nfd-text-giga nfd-text-balance wp-block-heading has-text-align-center\" style=\"font-style:normal;font-weight:500\">Reserve Coaching<\/h2>\n\n\n\n<p class=\"nfd-text-md nfd-text-balance nfd-text-faded has-text-align-center\">I offer you personalized help and training if you allow me to be your coach. Choose the option that best suits you, and follow the steps to make your reservation.<\/p>\n<\/div>\n<\/div>\n\n\n\n<div class=\"nfd-container wp-block-group alignfull is-layout-constrained wp-block-group-is-layout-constrained\" style=\"padding-top:25px\"><div class=\"wp-block-jetpack-calendly calendly-style-inline\" id=\"calendly-block-1\"><\/div><\/div>\n","protected":false},"excerpt":{"rendered":"<p>Reserve Coaching I offer you personalized help and training if you allow me to be your coach. Choose the option that best suits you, and follow the steps to make your reservation.<\/p>\n","protected":false},"author":1,"featured_media":0,"parent":0,"menu_order":0,"comment_status":"closed","ping_status":"closed","template":"no-title","meta":{"nf_dc_page":"","_monsterinsights_skip_tracking":false,"_monsterinsights_sitenote_active":false,"_monsterinsights_sitenote_note":"","_monsterinsights_sitenote_category":0,"footnotes":""},"class_list":["post-51500","page","type-page","status-publish","hentry"],"yoast_head":"<!-- This site is optimized with the Yoast SEO plugin v27.4 - https:\/\/yoast.com\/product\/yoast-seo-wordpress\/ -->\n<title>Coaching - Jarissa Garcia<\/title>\n<meta name=\"robots\" content=\"index, follow, max-snippet:-1, max-image-preview:large, max-video-preview:-1\" \/>\n<link rel=\"canonical\" href=\"https:\/\/jarissagarcia.com\/en\/coaching\/\" \/>\n<meta property=\"og:locale\" content=\"en_US\" \/>\n<meta property=\"og:type\" content=\"article\" \/>\n<meta property=\"og:title\" content=\"Coaching - Jarissa Garcia\" \/>\n<meta property=\"og:description\" content=\"Reserve Coaching I offer you personalized help and training if you allow me to be your coach. Choose the option that best suits you, and follow the steps to make your reservation.\" \/>\n<meta property=\"og:url\" content=\"https:\/\/jarissagarcia.com\/en\/coaching\/\" \/>\n<meta property=\"og:site_name\" content=\"Jarissa Garcia\" \/>\n<meta property=\"article:publisher\" content=\"https:\/\/www.facebook.com\/JarissaGarciaMinistry\" \/>\n<meta property=\"article:modified_time\" content=\"2024-08-28T02:01:54+00:00\" \/>\n<meta name=\"twitter:card\" content=\"summary_large_image\" \/>\n<meta name=\"twitter:site\" content=\"@Jarissa_Garcia\" \/>\n<meta name=\"twitter:label1\" content=\"Est. reading time\" \/>\n\t<meta name=\"twitter:data1\" content=\"1 minute\" \/>\n<script type=\"application\/ld+json\" class=\"yoast-schema-graph\">{\"@context\":\"https:\\\/\\\/schema.org\",\"@graph\":[{\"@type\":\"WebPage\",\"@id\":\"https:\\\/\\\/jarissagarcia.com\\\/en\\\/coaching\\\/\",\"url\":\"https:\\\/\\\/jarissagarcia.com\\\/en\\\/coaching\\\/\",\"name\":\"Coaching - Jarissa Garcia\",\"isPartOf\":{\"@id\":\"https:\\\/\\\/jarissagarcia.com\\\/en\\\/#website\"},\"datePublished\":\"2024-05-14T07:17:02+00:00\",\"dateModified\":\"2024-08-28T02:01:54+00:00\",\"breadcrumb\":{\"@id\":\"https:\\\/\\\/jarissagarcia.com\\\/en\\\/coaching\\\/#breadcrumb\"},\"inLanguage\":\"en-US\",\"potentialAction\":[{\"@type\":\"ReadAction\",\"target\":[\"https:\\\/\\\/jarissagarcia.com\\\/en\\\/coaching\\\/\"]}]},{\"@type\":\"BreadcrumbList\",\"@id\":\"https:\\\/\\\/jarissagarcia.com\\\/en\\\/coaching\\\/#breadcrumb\",\"itemListElement\":[{\"@type\":\"ListItem\",\"position\":1,\"name\":\"Home\",\"item\":\"https:\\\/\\\/jarissagarcia.com\\\/en\\\/\"},{\"@type\":\"ListItem\",\"position\":2,\"name\":\"Coaching\"}]},{\"@type\":\"WebSite\",\"@id\":\"https:\\\/\\\/jarissagarcia.com\\\/en\\\/#website\",\"url\":\"https:\\\/\\\/jarissagarcia.com\\\/en\\\/\",\"name\":\"Jarissa Garcia\",\"description\":\"Sharing God's favor\",\"publisher\":{\"@id\":\"https:\\\/\\\/jarissagarcia.com\\\/en\\\/#\\\/schema\\\/person\\\/97721c07112881d1e3146e3064ca8974\"},\"potentialAction\":[{\"@type\":\"SearchAction\",\"target\":{\"@type\":\"EntryPoint\",\"urlTemplate\":\"https:\\\/\\\/jarissagarcia.com\\\/en\\\/?s={search_term_string}\"},\"query-input\":{\"@type\":\"PropertyValueSpecification\",\"valueRequired\":true,\"valueName\":\"search_term_string\"}}],\"inLanguage\":\"en-US\"},{\"@type\":[\"Person\",\"Organization\"],\"@id\":\"https:\\\/\\\/jarissagarcia.com\\\/en\\\/#\\\/schema\\\/person\\\/97721c07112881d1e3146e3064ca8974\",\"name\":\"Jarissa\",\"image\":{\"@type\":\"ImageObject\",\"inLanguage\":\"en-US\",\"@id\":\"https:\\\/\\\/i0.wp.com\\\/jarissagarcia.com\\\/wp-content\\\/uploads\\\/2024\\\/04\\\/Jarissa-Garcia-Logo-250x75-1.png?fit=250%2C75&ssl=1\",\"url\":\"https:\\\/\\\/i0.wp.com\\\/jarissagarcia.com\\\/wp-content\\\/uploads\\\/2024\\\/04\\\/Jarissa-Garcia-Logo-250x75-1.png?fit=250%2C75&ssl=1\",\"contentUrl\":\"https:\\\/\\\/i0.wp.com\\\/jarissagarcia.com\\\/wp-content\\\/uploads\\\/2024\\\/04\\\/Jarissa-Garcia-Logo-250x75-1.png?fit=250%2C75&ssl=1\",\"width\":250,\"height\":75,\"caption\":\"Jarissa\"},\"logo\":{\"@id\":\"https:\\\/\\\/i0.wp.com\\\/jarissagarcia.com\\\/wp-content\\\/uploads\\\/2024\\\/04\\\/Jarissa-Garcia-Logo-250x75-1.png?fit=250%2C75&ssl=1\"},\"description\":\"Mi esencia es ser positiva. Sonr\u00edo f\u00e1cilmente y elogio generosamente. Vivo por un prop\u00f3sito. Soy altruista y espiritual. Me encanta aprender. Valoro la \u00e9tica y busco trabajo que sea significativo. Mis colegas pueden contar con un alto nivel de excelencia en mi trabajo. Soy experta en comunicaciones y relaciones interpersonales.\",\"sameAs\":[\"https:\\\/\\\/www.facebook.com\\\/JarissaGarciaMinistry\",\"https:\\\/\\\/www.instagram.com\\\/jarissagarcia\\\/\",\"https:\\\/\\\/www.linkedin.com\\\/in\\\/jarissagarcia\\\/\",\"https:\\\/\\\/x.com\\\/https:\\\/\\\/www.twitter.com\\\/Jarissa_Garcia\",\"https:\\\/\\\/www.youtube.com\\\/@JarissaGarcia\"]}]}<\/script>\n<!-- \/ Yoast SEO plugin. -->","yoast_head_json":{"title":"Coaching - Jarissa Garcia","robots":{"index":"index","follow":"follow","max-snippet":"max-snippet:-1","max-image-preview":"max-image-preview:large","max-video-preview":"max-video-preview:-1"},"canonical":"https:\/\/jarissagarcia.com\/en\/coaching\/","og_locale":"en_US","og_type":"article","og_title":"Coaching - Jarissa Garcia","og_description":"Reserve Coaching I offer you personalized help and training if you allow me to be your coach. Choose the option that best suits you, and follow the steps to make your reservation.","og_url":"https:\/\/jarissagarcia.com\/en\/coaching\/","og_site_name":"Jarissa Garcia","article_publisher":"https:\/\/www.facebook.com\/JarissaGarciaMinistry","article_modified_time":"2024-08-28T02:01:54+00:00","twitter_card":"summary_large_image","twitter_site":"@Jarissa_Garcia","twitter_misc":{"Est. reading time":"1 minute"},"schema":{"@context":"https:\/\/schema.org","@graph":[{"@type":"WebPage","@id":"https:\/\/jarissagarcia.com\/en\/coaching\/","url":"https:\/\/jarissagarcia.com\/en\/coaching\/","name":"Coaching - Jarissa Garcia","isPartOf":{"@id":"https:\/\/jarissagarcia.com\/en\/#website"},"datePublished":"2024-05-14T07:17:02+00:00","dateModified":"2024-08-28T02:01:54+00:00","breadcrumb":{"@id":"https:\/\/jarissagarcia.com\/en\/coaching\/#breadcrumb"},"inLanguage":"en-US","potentialAction":[{"@type":"ReadAction","target":["https:\/\/jarissagarcia.com\/en\/coaching\/"]}]},{"@type":"BreadcrumbList","@id":"https:\/\/jarissagarcia.com\/en\/coaching\/#breadcrumb","itemListElement":[{"@type":"ListItem","position":1,"name":"Home","item":"https:\/\/jarissagarcia.com\/en\/"},{"@type":"ListItem","position":2,"name":"Coaching"}]},{"@type":"WebSite","@id":"https:\/\/jarissagarcia.com\/en\/#website","url":"https:\/\/jarissagarcia.com\/en\/","name":"Jarissa Garcia","description":"Sharing God's favor","publisher":{"@id":"https:\/\/jarissagarcia.com\/en\/#\/schema\/person\/97721c07112881d1e3146e3064ca8974"},"potentialAction":[{"@type":"SearchAction","target":{"@type":"EntryPoint","urlTemplate":"https:\/\/jarissagarcia.com\/en\/?s={search_term_string}"},"query-input":{"@type":"PropertyValueSpecification","valueRequired":true,"valueName":"search_term_string"}}],"inLanguage":"en-US"},{"@type":["Person","Organization"],"@id":"https:\/\/jarissagarcia.com\/en\/#\/schema\/person\/97721c07112881d1e3146e3064ca8974","name":"Jarissa","image":{"@type":"ImageObject","inLanguage":"en-US","@id":"https:\/\/i0.wp.com\/jarissagarcia.com\/wp-content\/uploads\/2024\/04\/Jarissa-Garcia-Logo-250x75-1.png?fit=250%2C75&ssl=1","url":"https:\/\/i0.wp.com\/jarissagarcia.com\/wp-content\/uploads\/2024\/04\/Jarissa-Garcia-Logo-250x75-1.png?fit=250%2C75&ssl=1","contentUrl":"https:\/\/i0.wp.com\/jarissagarcia.com\/wp-content\/uploads\/2024\/04\/Jarissa-Garcia-Logo-250x75-1.png?fit=250%2C75&ssl=1","width":250,"height":75,"caption":"Jarissa"},"logo":{"@id":"https:\/\/i0.wp.com\/jarissagarcia.com\/wp-content\/uploads\/2024\/04\/Jarissa-Garcia-Logo-250x75-1.png?fit=250%2C75&ssl=1"},"description":"Mi esencia es ser positiva. Sonr\u00edo f\u00e1cilmente y elogio generosamente. Vivo por un prop\u00f3sito. Soy altruista y espiritual. Me encanta aprender. Valoro la \u00e9tica y busco trabajo que sea significativo. Mis colegas pueden contar con un alto nivel de excelencia en mi trabajo. Soy experta en comunicaciones y relaciones interpersonales.","sameAs":["https:\/\/www.facebook.com\/JarissaGarciaMinistry","https:\/\/www.instagram.com\/jarissagarcia\/","https:\/\/www.linkedin.com\/in\/jarissagarcia\/","https:\/\/x.com\/https:\/\/www.twitter.com\/Jarissa_Garcia","https:\/\/www.youtube.com\/@JarissaGarcia"]}]}},"jetpack-related-posts":[{"id":52366,"url":"https:\/\/jarissagarcia.com\/profesionales\/","url_meta":{"origin":51500,"position":0},"title":"Profesionales","author":"Jarissa","date":"March 7, 2025","format":false,"excerpt":"profesionales Lidera con Fe. Crece con Excelencia. Empoderando a profesionales de fe para que avancen en sus carreras, negocios y liderazgo sin comprometer sus valores. Podcast Coaching Bienvenido(a), Profesional de Fe Como creyentes, estamos llamados a liderar con excelencia, integridad y prop\u00f3sito. Ya sea que trabajes en una empresa, seas\u2026","rel":"","context":"Similar post","block_context":{"text":"Similar post","link":""},"img":{"alt_text":"Podcast Favor proFEsional con Jarissa Garcia","src":"https:\/\/i0.wp.com\/jarissagarcia.com\/wp-content\/uploads\/2024\/04\/1.jpg?resize=350%2C200&ssl=1","width":350,"height":200,"srcset":"https:\/\/i0.wp.com\/jarissagarcia.com\/wp-content\/uploads\/2024\/04\/1.jpg?resize=350%2C200&ssl=1 1x, https:\/\/i0.wp.com\/jarissagarcia.com\/wp-content\/uploads\/2024\/04\/1.jpg?resize=525%2C300&ssl=1 1.5x, https:\/\/i0.wp.com\/jarissagarcia.com\/wp-content\/uploads\/2024\/04\/1.jpg?resize=700%2C400&ssl=1 2x, https:\/\/i0.wp.com\/jarissagarcia.com\/wp-content\/uploads\/2024\/04\/1.jpg?resize=1050%2C600&ssl=1 3x, https:\/\/i0.wp.com\/jarissagarcia.com\/wp-content\/uploads\/2024\/04\/1.jpg?resize=1400%2C800&ssl=1 4x"},"classes":[]},{"id":52519,"url":"https:\/\/jarissagarcia.com\/en\/professionals\/","url_meta":{"origin":51500,"position":1},"title":"Professionals","author":"Jarissa","date":"March 7, 2025","format":false,"excerpt":"professionals Lead with Faith. Grow with Excelence. Empowering faith professionals to advance their careers, businesses, and leadership without compromising their values. Podcast Coaching Welcome, proFAITHsional As believers, we are called to lead with excellence, integrity, and purpose. Whether you work in a company, are an entrepreneur, or lead teams, here\u2026","rel":"","context":"Similar post","block_context":{"text":"Similar post","link":""},"img":{"alt_text":"Podcast Favor proFEsional con Jarissa Garcia","src":"https:\/\/i0.wp.com\/jarissagarcia.com\/wp-content\/uploads\/2024\/04\/1.jpg?resize=350%2C200&ssl=1","width":350,"height":200,"srcset":"https:\/\/i0.wp.com\/jarissagarcia.com\/wp-content\/uploads\/2024\/04\/1.jpg?resize=350%2C200&ssl=1 1x, https:\/\/i0.wp.com\/jarissagarcia.com\/wp-content\/uploads\/2024\/04\/1.jpg?resize=525%2C300&ssl=1 1.5x, https:\/\/i0.wp.com\/jarissagarcia.com\/wp-content\/uploads\/2024\/04\/1.jpg?resize=700%2C400&ssl=1 2x, https:\/\/i0.wp.com\/jarissagarcia.com\/wp-content\/uploads\/2024\/04\/1.jpg?resize=1050%2C600&ssl=1 3x, https:\/\/i0.wp.com\/jarissagarcia.com\/wp-content\/uploads\/2024\/04\/1.jpg?resize=1400%2C800&ssl=1 4x"},"classes":[]},{"id":52252,"url":"https:\/\/jarissagarcia.com\/solteros\/","url_meta":{"origin":51500,"position":2},"title":"Solteros","author":"Jarissa","date":"March 8, 2025","format":false,"excerpt":"Solteros Un\u00e1nimes Conectando Solteros Cristianos para Crecer en Fe, Prop\u00f3sito y Relaciones Significativas \u00a1Reg\u00edstrate! Mi Historia \u00a1Hola! Soy Jarissa y estoy soltera. Nunca imagin\u00e9 que seguir\u00eda soltera a esta edad. Crec\u00ed pensando que me casar\u00eda a los 25, pero la vida tom\u00f3 un rumbo diferente. En lugar de establecerme temprano,\u2026","rel":"","context":"Similar post","block_context":{"text":"Similar post","link":""},"img":{"alt_text":"","src":"https:\/\/i0.wp.com\/jarissagarcia.com\/wp-content\/uploads\/2025\/03\/Singles-Unanimous.jpg?fit=1200%2C675&ssl=1&resize=350%2C200","width":350,"height":200,"srcset":"https:\/\/i0.wp.com\/jarissagarcia.com\/wp-content\/uploads\/2025\/03\/Singles-Unanimous.jpg?fit=1200%2C675&ssl=1&resize=350%2C200 1x, https:\/\/i0.wp.com\/jarissagarcia.com\/wp-content\/uploads\/2025\/03\/Singles-Unanimous.jpg?fit=1200%2C675&ssl=1&resize=525%2C300 1.5x, https:\/\/i0.wp.com\/jarissagarcia.com\/wp-content\/uploads\/2025\/03\/Singles-Unanimous.jpg?fit=1200%2C675&ssl=1&resize=700%2C400 2x, https:\/\/i0.wp.com\/jarissagarcia.com\/wp-content\/uploads\/2025\/03\/Singles-Unanimous.jpg?fit=1200%2C675&ssl=1&resize=1050%2C600 3x"},"classes":[]},{"id":52851,"url":"https:\/\/jarissagarcia.com\/en\/eventos\/junio-2025\/","url_meta":{"origin":51500,"position":3},"title":"Junio 2025","author":"Jarissa","date":"May 27, 2025","format":false,"excerpt":"Conecta con Solteros Cristianos de ~30~45 A\u00f1os Una noche para conectar, compartir y crecer en la fe13 de junio del 2025 a las 7PM Reserva tu lugar como mujer Reserva tu lugar como hombre No es solo una cena \u2014 es una cita grupal, reimaginada. Bienvenido a una nueva forma\u2026","rel":"","context":"Similar post","block_context":{"text":"Similar post","link":""},"img":{"alt_text":"","src":"https:\/\/i0.wp.com\/jarissagarcia.com\/wp-content\/uploads\/2025\/03\/Dinner-4-scaled.jpg?fit=1200%2C800&ssl=1&resize=350%2C200","width":350,"height":200,"srcset":"https:\/\/i0.wp.com\/jarissagarcia.com\/wp-content\/uploads\/2025\/03\/Dinner-4-scaled.jpg?fit=1200%2C800&ssl=1&resize=350%2C200 1x, https:\/\/i0.wp.com\/jarissagarcia.com\/wp-content\/uploads\/2025\/03\/Dinner-4-scaled.jpg?fit=1200%2C800&ssl=1&resize=525%2C300 1.5x, https:\/\/i0.wp.com\/jarissagarcia.com\/wp-content\/uploads\/2025\/03\/Dinner-4-scaled.jpg?fit=1200%2C800&ssl=1&resize=700%2C400 2x, https:\/\/i0.wp.com\/jarissagarcia.com\/wp-content\/uploads\/2025\/03\/Dinner-4-scaled.jpg?fit=1200%2C800&ssl=1&resize=1050%2C600 3x"},"classes":[]},{"id":52961,"url":"https:\/\/jarissagarcia.com\/en\/eventos\/julio-2025\/","url_meta":{"origin":51500,"position":4},"title":"Julio 2025","author":"Jarissa","date":"May 29, 2025","format":false,"excerpt":"Conecta con Solteros Cristianos de ~30~45 A\u00f1os Una noche para conectar, compartir y crecer en la fe18 de julio del 2025 a las 7PM Reserva tu lugar como mujer Reserva tu lugar como hombre No es solo una cena \u2014 es una cita grupal, reimaginada. Bienvenido a una nueva forma\u2026","rel":"","context":"Similar post","block_context":{"text":"Similar post","link":""},"img":{"alt_text":"","src":"https:\/\/i0.wp.com\/jarissagarcia.com\/wp-content\/uploads\/2025\/03\/Dinner-4-scaled.jpg?fit=1200%2C800&ssl=1&resize=350%2C200","width":350,"height":200,"srcset":"https:\/\/i0.wp.com\/jarissagarcia.com\/wp-content\/uploads\/2025\/03\/Dinner-4-scaled.jpg?fit=1200%2C800&ssl=1&resize=350%2C200 1x, https:\/\/i0.wp.com\/jarissagarcia.com\/wp-content\/uploads\/2025\/03\/Dinner-4-scaled.jpg?fit=1200%2C800&ssl=1&resize=525%2C300 1.5x, https:\/\/i0.wp.com\/jarissagarcia.com\/wp-content\/uploads\/2025\/03\/Dinner-4-scaled.jpg?fit=1200%2C800&ssl=1&resize=700%2C400 2x, https:\/\/i0.wp.com\/jarissagarcia.com\/wp-content\/uploads\/2025\/03\/Dinner-4-scaled.jpg?fit=1200%2C800&ssl=1&resize=1050%2C600 3x"},"classes":[]},{"id":52612,"url":"https:\/\/jarissagarcia.com\/eventos\/","url_meta":{"origin":51500,"position":5},"title":"Eventos","author":"Jarissa","date":"March 26, 2025","format":false,"excerpt":"Eventos Para Solteros Cristianos \u00danete a nuestros eventos mensuales para solteros cristianos (25-45 a\u00f1os) que buscan comunidad, conversaciones significativas y un ambiente aut\u00e9ntico donde la fe y las relaciones florecen. \u00a1Registrate! Eventos Mensuales con Prop\u00f3sito Reserva tu lugar en nuestros eventos mensuales Cada encuentro tiene un tema especial para inspirar\u2026","rel":"","context":"Similar post","block_context":{"text":"Similar post","link":""},"img":{"alt_text":"","src":"https:\/\/i0.wp.com\/jarissagarcia.com\/wp-content\/uploads\/2024\/08\/Singles-Dinner-scaled.jpg?fit=1200%2C800&ssl=1&resize=350%2C200","width":350,"height":200,"srcset":"https:\/\/i0.wp.com\/jarissagarcia.com\/wp-content\/uploads\/2024\/08\/Singles-Dinner-scaled.jpg?fit=1200%2C800&ssl=1&resize=350%2C200 1x, https:\/\/i0.wp.com\/jarissagarcia.com\/wp-content\/uploads\/2024\/08\/Singles-Dinner-scaled.jpg?fit=1200%2C800&ssl=1&resize=525%2C300 1.5x, https:\/\/i0.wp.com\/jarissagarcia.com\/wp-content\/uploads\/2024\/08\/Singles-Dinner-scaled.jpg?fit=1200%2C800&ssl=1&resize=700%2C400 2x, https:\/\/i0.wp.com\/jarissagarcia.com\/wp-content\/uploads\/2024\/08\/Singles-Dinner-scaled.jpg?fit=1200%2C800&ssl=1&resize=1050%2C600 3x"},"classes":[]}],"jetpack_sharing_enabled":true,"_links":{"self":[{"href":"https:\/\/jarissagarcia.com\/en\/wp-json\/wp\/v2\/pages\/51500","targetHints":{"allow":["GET"]}}],"collection":[{"href":"https:\/\/jarissagarcia.com\/en\/wp-json\/wp\/v2\/pages"}],"about":[{"href":"https:\/\/jarissagarcia.com\/en\/wp-json\/wp\/v2\/types\/page"}],"author":[{"embeddable":true,"href":"https:\/\/jarissagarcia.com\/en\/wp-json\/wp\/v2\/users\/1"}],"replies":[{"embeddable":true,"href":"https:\/\/jarissagarcia.com\/en\/wp-json\/wp\/v2\/comments?post=51500"}],"version-history":[{"count":5,"href":"https:\/\/jarissagarcia.com\/en\/wp-json\/wp\/v2\/pages\/51500\/revisions"}],"predecessor-version":[{"id":52249,"href":"https:\/\/jarissagarcia.com\/en\/wp-json\/wp\/v2\/pages\/51500\/revisions\/52249"}],"wp:attachment":[{"href":"https:\/\/jarissagarcia.com\/en\/wp-json\/wp\/v2\/media?parent=51500"}],"curies":[{"name":"wp","href":"https:\/\/api.w.org\/{rel}","templated":true}]}}