{"id":3,"date":"2024-04-20T18:31:09","date_gmt":"2024-04-20T18:31:09","guid":{"rendered":"http:\/\/box5877\/cgi\/addon_GT.cgi?s=GT::WP::Install::Cpanel+%28ilmcexmy%29+-+127.0.0.1+%5Bnocaller%5D\/?page_id=3"},"modified":"2024-06-01T20:36:38","modified_gmt":"2024-06-02T00:36:38","slug":"privacy-policy","status":"publish","type":"page","link":"https:\/\/jarissagarcia.com\/en\/privacy-policy\/","title":{"rendered":"Privacy Policy"},"content":{"rendered":"\n<h3 class=\"wp-block-heading\">Who we are<\/h3>\n\n\n\n<p class=\"\">Our website address is: https:\/\/ilm.cex.mybluehost.me\/website_e11269eb.<\/p>\n\n\n\n<p class=\"\">This space encourages young adults in the process of finding a job and building relationships. Jarissa Garcia is the creator and main contributor. All invited contributors will be introduced and identified accordingly.<\/p>\n\n\n\n<p class=\"\">All advice and recommendations are based on past experiences and fields of study. However, any health-related ideas, advice and\/or recommendations should not be confused with expert medical advice nor do they represent in any way a means for diagnosis. Ideas, tips and recommendations are shared in order to raise awareness and motivate users of this site to seek appropriate professional help.<\/p>\n\n\n\n<h3 class=\"wp-block-heading\">Comments<\/h3>\n\n\n\n<p class=\"\">When visitors leave comments on the site we collect the data shown in the comments form, and also the visitor\u2019s IP address and browser user agent string to help spam detection.<\/p>\n\n\n\n<p class=\"\">An anonymized string created from your email address (also called a hash) may be provided to the Gravatar service to see if you are using it. The Gravatar service privacy policy is available here: https:\/\/automattic.com\/privacy\/. After approval of your comment, your profile picture is visible to the public in the context of your comment.<\/p>\n\n\n\n<h3 class=\"wp-block-heading\">Media<\/h3>\n\n\n\n<p class=\"\">If you upload images to the website, you should avoid uploading images with embedded location data (EXIF GPS) included. Visitors to the website can download and extract any location data from images on the website.<\/p>\n\n\n\n<h3 class=\"wp-block-heading\">Cookies<\/h3>\n\n\n\n<p class=\"\">If you leave a comment on our site you may opt-in to saving your name, email address and website in cookies. These are for your convenience so that you do not have to fill in your details again when you leave another comment. These cookies will last for one year.<\/p>\n\n\n\n<p class=\"\">If you visit our login page, we will set a temporary cookie to determine if your browser accepts cookies. This cookie contains no personal data and is discarded when you close your browser.<\/p>\n\n\n\n<p class=\"\">When you log in, we will also set up several cookies to save your login information and your screen display choices. Login cookies last for two days, and screen options cookies last for a year. If you select &#8220;Remember Me&#8221;, your login will persist for two weeks. If you log out of your account, the login cookies will be removed.<\/p>\n\n\n\n<p class=\"\">If you edit or publish an article, an additional cookie will be saved in your browser. This cookie includes no personal data and simply indicates the post ID of the article you just edited. It expires after 1 day.<\/p>\n\n\n\n<p class=\"\">We use WPML to manage all translations on our site. WPML&#8217;s use of cookies is described below.<\/p>\n\n\n\n<h3 class=\"wp-block-heading\">WPML<\/h3>\n\n\n\n<p class=\"\">WPML uses cookies to identify the visitor\u2019s current language, the last visited language and the language of users who have logged in.<\/p>\n\n\n\n<p class=\"\">While you use the plugin, WPML will share data regarding the site through Installer. No data from the user itself will be shared.<\/p>\n\n\n\n<p class=\"\"><a href=\"https:\/\/wpml.org\/documentation\/privacy-policy-and-gdpr-compliance\/\">Privacy policy for WPML<\/a>.<\/p>\n\n\n\n<h3 class=\"wp-block-heading\">Embedded content from other websites<\/h3>\n\n\n\n<p class=\"\">Articles on this site may include embedded content (e.g. videos, images, articles, etc.). Embedded content from other websites behaves in the exact same way as if the visitor has visited the other website.<\/p>\n\n\n\n<p class=\"\">These websites may collect data about you, use cookies, embed additional third-party tracking, and monitor your interaction with that embedded content, including tracking your interaction with the embedded content if you have an account and are logged in to that website.<\/p>\n\n\n\n<p class=\"\">Analytics<\/p>\n\n\n\n<p class=\"\">By default, WordPress does not collect any analytics data. However, our web hosting provider Bluehost may collect some anonymous analytics data. Bluehost <a href=\"https:\/\/newfold.com\/privacy-center\">Private Policy<\/a> and <a href=\"https:\/\/www.bluehost.com\/terms\/user-agreement\">Terms of Service<\/a>.<\/p>\n\n\n\n<p class=\"\">We use Google Analytics to track how visitors find and use our website, with the aim of providing a meaningful and more relevant experience. Additionally, this helps us find the best way to share our content.<\/p>\n\n\n\n<p class=\"\">We use Askimet for the anti-spam service (see below for information).<\/p>\n\n\n\n<h3 class=\"wp-block-heading\">Who we share your data with<\/h3>\n\n\n\n<p class=\"\">We do not share your data with any third-parties.<\/p>\n\n\n\n<h3 class=\"wp-block-heading\">How long we retain your data<\/h3>\n\n\n\n<p class=\"\">If you leave a comment, the comment and its metadata are retained indefinitely. This is so we can recognize and approve any follow-up comments automatically instead of holding them in a moderation queue.<\/p>\n\n\n\n<p class=\"\">For users that register on our website (if any), we also store the personal information they provide in their user profile. All users can see, edit, or delete their personal information at any time (except they cannot change their username). Website administrators can also see and edit that information.<\/p>\n\n\n\n<h3 class=\"wp-block-heading\">What rights you have over your data<\/h3>\n\n\n\n<p class=\"\">If you have an account on this site, or have left comments, you can request to receive an exported file of the personal data we hold about you, including any data you have provided to us. You can also request that we erase any personal data we hold about you. This does not include any data we are obliged to keep for administrative, legal, or security purposes.<\/p>\n\n\n\n<h3 class=\"wp-block-heading\">Where your data is sent<\/h3>\n\n\n\n<p class=\"\">Visitor comments may be checked through an automated spam detection service.<\/p>\n\n\n\n<h3 class=\"wp-block-heading\">Askimet<\/h3>\n\n\n\n<p class=\"\">We collect information about visitors who comment on Sites that use our Akismet Anti-spam service. The information we collect depends on how the User sets up Akismet for the Site, but typically includes the commenter&#8217;s IP address, user agent, referrer, and Site URL (along with other information directly provided by the commenter such as their name, username, email address, and the comment itself).<\/p>\n\n\n\n<h3 class=\"wp-block-heading\">Your contact information<\/h3>\n\n\n\n<p class=\"\">Para cuestiones relacionadas con la privacidad, puede comunicarse con nosotros en jarissa arroba mediapurposed punto com.<\/p>\n","protected":false},"excerpt":{"rendered":"<p>Who we are Our website address is: https:\/\/ilm.cex.mybluehost.me\/website_e11269eb. This space encourages young adults in the process of finding a job and building relationships. Jarissa Garcia is the creator and main contributor. All invited contributors will be introduced and identified accordingly. All advice and recommendations are based on past experiences and fields of study. However, any [&hellip;]<\/p>\n","protected":false},"author":1,"featured_media":0,"parent":0,"menu_order":0,"comment_status":"closed","ping_status":"closed","template":"","meta":{"nf_dc_page":"","_monsterinsights_skip_tracking":false,"_monsterinsights_sitenote_active":false,"_monsterinsights_sitenote_note":"","_monsterinsights_sitenote_category":0,"footnotes":""},"class_list":["post-3","page","type-page","status-publish","hentry"],"yoast_head":"<!-- This site is optimized with the Yoast SEO plugin v27.4 - https:\/\/yoast.com\/product\/yoast-seo-wordpress\/ -->\n<title>Privacy Policy - Jarissa Garcia<\/title>\n<meta name=\"robots\" content=\"index, follow, max-snippet:-1, max-image-preview:large, max-video-preview:-1\" \/>\n<link rel=\"canonical\" href=\"https:\/\/jarissagarcia.com\/en\/privacy-policy\/\" \/>\n<meta property=\"og:locale\" content=\"en_US\" \/>\n<meta property=\"og:type\" content=\"article\" \/>\n<meta property=\"og:title\" content=\"Privacy Policy - Jarissa Garcia\" \/>\n<meta property=\"og:description\" content=\"Who we are Our website address is: https:\/\/ilm.cex.mybluehost.me\/website_e11269eb. This space encourages young adults in the process of finding a job and building relationships. Jarissa Garcia is the creator and main contributor. All invited contributors will be introduced and identified accordingly. All advice and recommendations are based on past experiences and fields of study. However, any [&hellip;]\" \/>\n<meta property=\"og:url\" content=\"https:\/\/jarissagarcia.com\/en\/privacy-policy\/\" \/>\n<meta property=\"og:site_name\" content=\"Jarissa Garcia\" \/>\n<meta property=\"article:publisher\" content=\"https:\/\/www.facebook.com\/JarissaGarciaMinistry\" \/>\n<meta property=\"article:modified_time\" content=\"2024-06-02T00:36:38+00:00\" \/>\n<meta name=\"twitter:card\" content=\"summary_large_image\" \/>\n<meta name=\"twitter:site\" content=\"@Jarissa_Garcia\" \/>\n<meta name=\"twitter:label1\" content=\"Est. reading time\" \/>\n\t<meta name=\"twitter:data1\" content=\"4 minutes\" \/>\n<script type=\"application\/ld+json\" class=\"yoast-schema-graph\">{\"@context\":\"https:\\\/\\\/schema.org\",\"@graph\":[{\"@type\":\"WebPage\",\"@id\":\"https:\\\/\\\/jarissagarcia.com\\\/en\\\/privacy-policy\\\/\",\"url\":\"https:\\\/\\\/jarissagarcia.com\\\/en\\\/privacy-policy\\\/\",\"name\":\"Privacy Policy - Jarissa Garcia\",\"isPartOf\":{\"@id\":\"https:\\\/\\\/jarissagarcia.com\\\/en\\\/#website\"},\"datePublished\":\"2024-04-20T18:31:09+00:00\",\"dateModified\":\"2024-06-02T00:36:38+00:00\",\"breadcrumb\":{\"@id\":\"https:\\\/\\\/jarissagarcia.com\\\/en\\\/privacy-policy\\\/#breadcrumb\"},\"inLanguage\":\"en-US\",\"potentialAction\":[{\"@type\":\"ReadAction\",\"target\":[\"https:\\\/\\\/jarissagarcia.com\\\/en\\\/privacy-policy\\\/\"]}]},{\"@type\":\"BreadcrumbList\",\"@id\":\"https:\\\/\\\/jarissagarcia.com\\\/en\\\/privacy-policy\\\/#breadcrumb\",\"itemListElement\":[{\"@type\":\"ListItem\",\"position\":1,\"name\":\"Home\",\"item\":\"https:\\\/\\\/jarissagarcia.com\\\/en\\\/\"},{\"@type\":\"ListItem\",\"position\":2,\"name\":\"Privacy Policy\"}]},{\"@type\":\"WebSite\",\"@id\":\"https:\\\/\\\/jarissagarcia.com\\\/en\\\/#website\",\"url\":\"https:\\\/\\\/jarissagarcia.com\\\/en\\\/\",\"name\":\"Jarissa Garcia\",\"description\":\"Sharing God's favor\",\"publisher\":{\"@id\":\"https:\\\/\\\/jarissagarcia.com\\\/en\\\/#\\\/schema\\\/person\\\/97721c07112881d1e3146e3064ca8974\"},\"potentialAction\":[{\"@type\":\"SearchAction\",\"target\":{\"@type\":\"EntryPoint\",\"urlTemplate\":\"https:\\\/\\\/jarissagarcia.com\\\/en\\\/?s={search_term_string}\"},\"query-input\":{\"@type\":\"PropertyValueSpecification\",\"valueRequired\":true,\"valueName\":\"search_term_string\"}}],\"inLanguage\":\"en-US\"},{\"@type\":[\"Person\",\"Organization\"],\"@id\":\"https:\\\/\\\/jarissagarcia.com\\\/en\\\/#\\\/schema\\\/person\\\/97721c07112881d1e3146e3064ca8974\",\"name\":\"Jarissa\",\"image\":{\"@type\":\"ImageObject\",\"inLanguage\":\"en-US\",\"@id\":\"https:\\\/\\\/i0.wp.com\\\/jarissagarcia.com\\\/wp-content\\\/uploads\\\/2024\\\/04\\\/Jarissa-Garcia-Logo-250x75-1.png?fit=250%2C75&ssl=1\",\"url\":\"https:\\\/\\\/i0.wp.com\\\/jarissagarcia.com\\\/wp-content\\\/uploads\\\/2024\\\/04\\\/Jarissa-Garcia-Logo-250x75-1.png?fit=250%2C75&ssl=1\",\"contentUrl\":\"https:\\\/\\\/i0.wp.com\\\/jarissagarcia.com\\\/wp-content\\\/uploads\\\/2024\\\/04\\\/Jarissa-Garcia-Logo-250x75-1.png?fit=250%2C75&ssl=1\",\"width\":250,\"height\":75,\"caption\":\"Jarissa\"},\"logo\":{\"@id\":\"https:\\\/\\\/i0.wp.com\\\/jarissagarcia.com\\\/wp-content\\\/uploads\\\/2024\\\/04\\\/Jarissa-Garcia-Logo-250x75-1.png?fit=250%2C75&ssl=1\"},\"description\":\"Mi esencia es ser positiva. Sonr\u00edo f\u00e1cilmente y elogio generosamente. Vivo por un prop\u00f3sito. Soy altruista y espiritual. Me encanta aprender. Valoro la \u00e9tica y busco trabajo que sea significativo. Mis colegas pueden contar con un alto nivel de excelencia en mi trabajo. Soy experta en comunicaciones y relaciones interpersonales.\",\"sameAs\":[\"https:\\\/\\\/www.facebook.com\\\/JarissaGarciaMinistry\",\"https:\\\/\\\/www.instagram.com\\\/jarissagarcia\\\/\",\"https:\\\/\\\/www.linkedin.com\\\/in\\\/jarissagarcia\\\/\",\"https:\\\/\\\/x.com\\\/https:\\\/\\\/www.twitter.com\\\/Jarissa_Garcia\",\"https:\\\/\\\/www.youtube.com\\\/@JarissaGarcia\"]}]}<\/script>\n<!-- \/ Yoast SEO plugin. -->","yoast_head_json":{"title":"Privacy Policy - Jarissa Garcia","robots":{"index":"index","follow":"follow","max-snippet":"max-snippet:-1","max-image-preview":"max-image-preview:large","max-video-preview":"max-video-preview:-1"},"canonical":"https:\/\/jarissagarcia.com\/en\/privacy-policy\/","og_locale":"en_US","og_type":"article","og_title":"Privacy Policy - Jarissa Garcia","og_description":"Who we are Our website address is: https:\/\/ilm.cex.mybluehost.me\/website_e11269eb. This space encourages young adults in the process of finding a job and building relationships. Jarissa Garcia is the creator and main contributor. All invited contributors will be introduced and identified accordingly. All advice and recommendations are based on past experiences and fields of study. However, any [&hellip;]","og_url":"https:\/\/jarissagarcia.com\/en\/privacy-policy\/","og_site_name":"Jarissa Garcia","article_publisher":"https:\/\/www.facebook.com\/JarissaGarciaMinistry","article_modified_time":"2024-06-02T00:36:38+00:00","twitter_card":"summary_large_image","twitter_site":"@Jarissa_Garcia","twitter_misc":{"Est. reading time":"4 minutes"},"schema":{"@context":"https:\/\/schema.org","@graph":[{"@type":"WebPage","@id":"https:\/\/jarissagarcia.com\/en\/privacy-policy\/","url":"https:\/\/jarissagarcia.com\/en\/privacy-policy\/","name":"Privacy Policy - Jarissa Garcia","isPartOf":{"@id":"https:\/\/jarissagarcia.com\/en\/#website"},"datePublished":"2024-04-20T18:31:09+00:00","dateModified":"2024-06-02T00:36:38+00:00","breadcrumb":{"@id":"https:\/\/jarissagarcia.com\/en\/privacy-policy\/#breadcrumb"},"inLanguage":"en-US","potentialAction":[{"@type":"ReadAction","target":["https:\/\/jarissagarcia.com\/en\/privacy-policy\/"]}]},{"@type":"BreadcrumbList","@id":"https:\/\/jarissagarcia.com\/en\/privacy-policy\/#breadcrumb","itemListElement":[{"@type":"ListItem","position":1,"name":"Home","item":"https:\/\/jarissagarcia.com\/en\/"},{"@type":"ListItem","position":2,"name":"Privacy Policy"}]},{"@type":"WebSite","@id":"https:\/\/jarissagarcia.com\/en\/#website","url":"https:\/\/jarissagarcia.com\/en\/","name":"Jarissa Garcia","description":"Sharing God's favor","publisher":{"@id":"https:\/\/jarissagarcia.com\/en\/#\/schema\/person\/97721c07112881d1e3146e3064ca8974"},"potentialAction":[{"@type":"SearchAction","target":{"@type":"EntryPoint","urlTemplate":"https:\/\/jarissagarcia.com\/en\/?s={search_term_string}"},"query-input":{"@type":"PropertyValueSpecification","valueRequired":true,"valueName":"search_term_string"}}],"inLanguage":"en-US"},{"@type":["Person","Organization"],"@id":"https:\/\/jarissagarcia.com\/en\/#\/schema\/person\/97721c07112881d1e3146e3064ca8974","name":"Jarissa","image":{"@type":"ImageObject","inLanguage":"en-US","@id":"https:\/\/i0.wp.com\/jarissagarcia.com\/wp-content\/uploads\/2024\/04\/Jarissa-Garcia-Logo-250x75-1.png?fit=250%2C75&ssl=1","url":"https:\/\/i0.wp.com\/jarissagarcia.com\/wp-content\/uploads\/2024\/04\/Jarissa-Garcia-Logo-250x75-1.png?fit=250%2C75&ssl=1","contentUrl":"https:\/\/i0.wp.com\/jarissagarcia.com\/wp-content\/uploads\/2024\/04\/Jarissa-Garcia-Logo-250x75-1.png?fit=250%2C75&ssl=1","width":250,"height":75,"caption":"Jarissa"},"logo":{"@id":"https:\/\/i0.wp.com\/jarissagarcia.com\/wp-content\/uploads\/2024\/04\/Jarissa-Garcia-Logo-250x75-1.png?fit=250%2C75&ssl=1"},"description":"Mi esencia es ser positiva. Sonr\u00edo f\u00e1cilmente y elogio generosamente. Vivo por un prop\u00f3sito. Soy altruista y espiritual. Me encanta aprender. Valoro la \u00e9tica y busco trabajo que sea significativo. Mis colegas pueden contar con un alto nivel de excelencia en mi trabajo. Soy experta en comunicaciones y relaciones interpersonales.","sameAs":["https:\/\/www.facebook.com\/JarissaGarciaMinistry","https:\/\/www.instagram.com\/jarissagarcia\/","https:\/\/www.linkedin.com\/in\/jarissagarcia\/","https:\/\/x.com\/https:\/\/www.twitter.com\/Jarissa_Garcia","https:\/\/www.youtube.com\/@JarissaGarcia"]}]}},"jetpack-related-posts":[{"id":52521,"url":"https:\/\/jarissagarcia.com\/en\/ministries\/","url_meta":{"origin":3,"position":0},"title":"Ministries","author":"Jarissa","date":"March 8, 2025","format":false,"excerpt":"ministries Transform Your Ministry with Effective Leadership Strategies Develop strong leadership, optimize management, and create a lasting impact on your community. Visit MediaPurposed.com Schedule a Consultation Welcome! On this page, you'll find resources, advice, and workshops designed to support your ministry at every stage of its growth. Whether you're looking\u2026","rel":"","context":"Similar post","block_context":{"text":"Similar post","link":""},"img":{"alt_text":"","src":"https:\/\/i0.wp.com\/jarissagarcia.com\/wp-content\/uploads\/2025\/03\/adorando-scaled.jpg?resize=350%2C200&ssl=1","width":350,"height":200,"srcset":"https:\/\/i0.wp.com\/jarissagarcia.com\/wp-content\/uploads\/2025\/03\/adorando-scaled.jpg?resize=350%2C200&ssl=1 1x, https:\/\/i0.wp.com\/jarissagarcia.com\/wp-content\/uploads\/2025\/03\/adorando-scaled.jpg?resize=525%2C300&ssl=1 1.5x, https:\/\/i0.wp.com\/jarissagarcia.com\/wp-content\/uploads\/2025\/03\/adorando-scaled.jpg?resize=700%2C400&ssl=1 2x, https:\/\/i0.wp.com\/jarissagarcia.com\/wp-content\/uploads\/2025\/03\/adorando-scaled.jpg?resize=1050%2C600&ssl=1 3x, https:\/\/i0.wp.com\/jarissagarcia.com\/wp-content\/uploads\/2025\/03\/adorando-scaled.jpg?resize=1400%2C800&ssl=1 4x"},"classes":[]},{"id":52625,"url":"https:\/\/jarissagarcia.com\/en\/events\/","url_meta":{"origin":3,"position":1},"title":"Events","author":"Jarissa","date":"March 26, 2025","format":false,"excerpt":"Events for Christian Singles Join our events designed for Christian singles (ages 27+) looking for community, meaningful conversations, and an authentic environment where faith and relationships flourish. Reserve Your Spot Registration Process NEW GUESTS First time joining us? Start here! Please\u00a0complete a short survey\u00a0before reserving your seat. This helps us\u2026","rel":"","context":"Similar post","block_context":{"text":"Similar post","link":""},"img":{"alt_text":"","src":"https:\/\/i0.wp.com\/jarissagarcia.com\/wp-content\/uploads\/2025\/08\/Events-Page-scaled.jpg?fit=1200%2C800&ssl=1&resize=350%2C200","width":350,"height":200,"srcset":"https:\/\/i0.wp.com\/jarissagarcia.com\/wp-content\/uploads\/2025\/08\/Events-Page-scaled.jpg?fit=1200%2C800&ssl=1&resize=350%2C200 1x, https:\/\/i0.wp.com\/jarissagarcia.com\/wp-content\/uploads\/2025\/08\/Events-Page-scaled.jpg?fit=1200%2C800&ssl=1&resize=525%2C300 1.5x, https:\/\/i0.wp.com\/jarissagarcia.com\/wp-content\/uploads\/2025\/08\/Events-Page-scaled.jpg?fit=1200%2C800&ssl=1&resize=700%2C400 2x, https:\/\/i0.wp.com\/jarissagarcia.com\/wp-content\/uploads\/2025\/08\/Events-Page-scaled.jpg?fit=1200%2C800&ssl=1&resize=1050%2C600 3x"},"classes":[]},{"id":52523,"url":"https:\/\/jarissagarcia.com\/en\/about-me\/","url_meta":{"origin":3,"position":2},"title":"About Me","author":"Jarissa","date":"March 8, 2025","format":false,"excerpt":"Hello! I am Jarissa Whether you\u2019re a professional, single, or ministry leader, I\u2019m here to help you align your purpose with faith. Let\u2019s connect and start your journey! Work With Me I inspire professionals, singles, and ministries to achieve their purpose. I am a woman of faith, passionate about helping\u2026","rel":"","context":"Similar post","block_context":{"text":"Similar post","link":""},"img":{"alt_text":"","src":"https:\/\/i0.wp.com\/jarissagarcia.com\/wp-content\/uploads\/2024\/04\/js-06934-copia-scaled.jpg?resize=350%2C200&ssl=1","width":350,"height":200,"srcset":"https:\/\/i0.wp.com\/jarissagarcia.com\/wp-content\/uploads\/2024\/04\/js-06934-copia-scaled.jpg?resize=350%2C200&ssl=1 1x, https:\/\/i0.wp.com\/jarissagarcia.com\/wp-content\/uploads\/2024\/04\/js-06934-copia-scaled.jpg?resize=525%2C300&ssl=1 1.5x, https:\/\/i0.wp.com\/jarissagarcia.com\/wp-content\/uploads\/2024\/04\/js-06934-copia-scaled.jpg?resize=700%2C400&ssl=1 2x, https:\/\/i0.wp.com\/jarissagarcia.com\/wp-content\/uploads\/2024\/04\/js-06934-copia-scaled.jpg?resize=1050%2C600&ssl=1 3x, https:\/\/i0.wp.com\/jarissagarcia.com\/wp-content\/uploads\/2024\/04\/js-06934-copia-scaled.jpg?resize=1400%2C800&ssl=1 4x"},"classes":[]},{"id":52569,"url":"https:\/\/jarissagarcia.com\/en\/","url_meta":{"origin":3,"position":3},"title":"Home","author":"Jarissa","date":"March 6, 2025","format":false,"excerpt":"Faith. Strategy. Impact. \u2728 Empowering Professionals, Singles, and Ministries to Thrive. \u2728 Schedule a Consultation \ud83d\ude4c Hello! I am Jarissa. I help faith-driven professionals, singles, and ministries grow in purpose, strategy, and impact. Whether you\u2019re building a career, seeking meaningful relationships, or leading a ministry, I offer resources, workshops, and\u2026","rel":"","context":"Similar post","block_context":{"text":"Similar post","link":""},"img":{"alt_text":"","src":"https:\/\/i0.wp.com\/jarissagarcia.com\/wp-content\/uploads\/2024\/04\/js-06934-copia-scaled.jpg?resize=350%2C200&ssl=1","width":350,"height":200,"srcset":"https:\/\/i0.wp.com\/jarissagarcia.com\/wp-content\/uploads\/2024\/04\/js-06934-copia-scaled.jpg?resize=350%2C200&ssl=1 1x, https:\/\/i0.wp.com\/jarissagarcia.com\/wp-content\/uploads\/2024\/04\/js-06934-copia-scaled.jpg?resize=525%2C300&ssl=1 1.5x, https:\/\/i0.wp.com\/jarissagarcia.com\/wp-content\/uploads\/2024\/04\/js-06934-copia-scaled.jpg?resize=700%2C400&ssl=1 2x, https:\/\/i0.wp.com\/jarissagarcia.com\/wp-content\/uploads\/2024\/04\/js-06934-copia-scaled.jpg?resize=1050%2C600&ssl=1 3x, https:\/\/i0.wp.com\/jarissagarcia.com\/wp-content\/uploads\/2024\/04\/js-06934-copia-scaled.jpg?resize=1400%2C800&ssl=1 4x"},"classes":[]},{"id":52519,"url":"https:\/\/jarissagarcia.com\/en\/professionals\/","url_meta":{"origin":3,"position":4},"title":"Professionals","author":"Jarissa","date":"March 7, 2025","format":false,"excerpt":"professionals Lead with Faith. Grow with Excelence. Empowering faith professionals to advance their careers, businesses, and leadership without compromising their values. Podcast Coaching Welcome, proFAITHsional As believers, we are called to lead with excellence, integrity, and purpose. Whether you work in a company, are an entrepreneur, or lead teams, here\u2026","rel":"","context":"Similar post","block_context":{"text":"Similar post","link":""},"img":{"alt_text":"Podcast Favor proFEsional con Jarissa Garcia","src":"https:\/\/i0.wp.com\/jarissagarcia.com\/wp-content\/uploads\/2024\/04\/1.jpg?resize=350%2C200&ssl=1","width":350,"height":200,"srcset":"https:\/\/i0.wp.com\/jarissagarcia.com\/wp-content\/uploads\/2024\/04\/1.jpg?resize=350%2C200&ssl=1 1x, https:\/\/i0.wp.com\/jarissagarcia.com\/wp-content\/uploads\/2024\/04\/1.jpg?resize=525%2C300&ssl=1 1.5x, https:\/\/i0.wp.com\/jarissagarcia.com\/wp-content\/uploads\/2024\/04\/1.jpg?resize=700%2C400&ssl=1 2x, https:\/\/i0.wp.com\/jarissagarcia.com\/wp-content\/uploads\/2024\/04\/1.jpg?resize=1050%2C600&ssl=1 3x, https:\/\/i0.wp.com\/jarissagarcia.com\/wp-content\/uploads\/2024\/04\/1.jpg?resize=1400%2C800&ssl=1 4x"},"classes":[]},{"id":52430,"url":"https:\/\/jarissagarcia.com\/carrito\/","url_meta":{"origin":3,"position":5},"title":"Carrito","author":"Jarissa","date":"March 8, 2025","format":false,"excerpt":"You may be interested in\u2026 Your cart is currently empty! New in store","rel":"","context":"Similar post","block_context":{"text":"Similar post","link":""},"img":{"alt_text":"","src":"","width":0,"height":0},"classes":[]}],"jetpack_sharing_enabled":true,"_links":{"self":[{"href":"https:\/\/jarissagarcia.com\/en\/wp-json\/wp\/v2\/pages\/3","targetHints":{"allow":["GET"]}}],"collection":[{"href":"https:\/\/jarissagarcia.com\/en\/wp-json\/wp\/v2\/pages"}],"about":[{"href":"https:\/\/jarissagarcia.com\/en\/wp-json\/wp\/v2\/types\/page"}],"author":[{"embeddable":true,"href":"https:\/\/jarissagarcia.com\/en\/wp-json\/wp\/v2\/users\/1"}],"replies":[{"embeddable":true,"href":"https:\/\/jarissagarcia.com\/en\/wp-json\/wp\/v2\/comments?post=3"}],"version-history":[{"count":5,"href":"https:\/\/jarissagarcia.com\/en\/wp-json\/wp\/v2\/pages\/3\/revisions"}],"predecessor-version":[{"id":52158,"href":"https:\/\/jarissagarcia.com\/en\/wp-json\/wp\/v2\/pages\/3\/revisions\/52158"}],"wp:attachment":[{"href":"https:\/\/jarissagarcia.com\/en\/wp-json\/wp\/v2\/media?parent=3"}],"curies":[{"name":"wp","href":"https:\/\/api.w.org\/{rel}","templated":true}]}}